{"id":1643,"date":"2020-08-23T22:15:44","date_gmt":"2020-08-23T22:15:44","guid":{"rendered":"https:\/\/bnbeauvive.fr\/index.php\/confirmation-de-reservation\/echec-de-la-transaction\/"},"modified":"2020-08-23T22:15:44","modified_gmt":"2020-08-23T22:15:44","slug":"echec-de-la-transaction","status":"publish","type":"page","link":"https:\/\/bnbeauvive.fr\/index.php\/confirmation-de-reservation\/echec-de-la-transaction\/","title":{"rendered":"\u00c9chec de la transaction"},"content":{"rendered":"<p>Malheureusement, votre transaction ne peut \u00eatre compl\u00e9t\u00e9e pour le moment. Veuillez r\u00e9essayer ou nous contacter.<\/p>\n","protected":false},"excerpt":{"rendered":"<p>Malheureusement, votre transaction ne peut \u00eatre compl\u00e9t\u00e9e pour le moment. Veuillez r\u00e9essayer ou nous contacter.<\/p>\n","protected":false},"author":1,"featured_media":0,"parent":1639,"menu_order":0,"comment_status":"closed","ping_status":"closed","template":"","meta":[],"yoast_head":"<!-- This site is optimized with the Yoast SEO plugin v19.4 - https:\/\/yoast.com\/wordpress\/plugins\/seo\/ -->\n<title>\u00c9chec de la transaction - L&#039;eau vive<\/title>\n<meta name=\"robots\" content=\"index, follow, max-snippet:-1, max-image-preview:large, max-video-preview:-1\" \/>\n<link rel=\"canonical\" href=\"https:\/\/bnbeauvive.fr\/index.php\/confirmation-de-reservation\/echec-de-la-transaction\/\" \/>\n<meta property=\"og:locale\" content=\"fr_FR\" \/>\n<meta property=\"og:type\" content=\"article\" \/>\n<meta property=\"og:title\" content=\"\u00c9chec de la transaction - L&#039;eau vive\" \/>\n<meta property=\"og:description\" content=\"Malheureusement, votre transaction ne peut \u00eatre compl\u00e9t\u00e9e pour le moment. Veuillez r\u00e9essayer ou nous contacter.\" \/>\n<meta property=\"og:url\" content=\"https:\/\/bnbeauvive.fr\/index.php\/confirmation-de-reservation\/echec-de-la-transaction\/\" \/>\n<meta property=\"og:site_name\" content=\"L&#039;eau vive\" \/>\n<meta name=\"twitter:card\" content=\"summary_large_image\" \/>\n<script type=\"application\/ld+json\" class=\"yoast-schema-graph\">{\"@context\":\"https:\/\/schema.org\",\"@graph\":[{\"@type\":\"WebSite\",\"@id\":\"https:\/\/bnbeauvive.fr\/#website\",\"url\":\"https:\/\/bnbeauvive.fr\/\",\"name\":\"L&#039;eau vive\",\"description\":\"Le beau, le bon, le vrai\",\"potentialAction\":[{\"@type\":\"SearchAction\",\"target\":{\"@type\":\"EntryPoint\",\"urlTemplate\":\"https:\/\/bnbeauvive.fr\/?s={search_term_string}\"},\"query-input\":\"required name=search_term_string\"}],\"inLanguage\":\"fr-FR\"},{\"@type\":\"WebPage\",\"@id\":\"https:\/\/bnbeauvive.fr\/index.php\/confirmation-de-reservation\/echec-de-la-transaction\/\",\"url\":\"https:\/\/bnbeauvive.fr\/index.php\/confirmation-de-reservation\/echec-de-la-transaction\/\",\"name\":\"\u00c9chec de la transaction - L&#039;eau vive\",\"isPartOf\":{\"@id\":\"https:\/\/bnbeauvive.fr\/#website\"},\"datePublished\":\"2020-08-23T22:15:44+00:00\",\"dateModified\":\"2020-08-23T22:15:44+00:00\",\"breadcrumb\":{\"@id\":\"https:\/\/bnbeauvive.fr\/index.php\/confirmation-de-reservation\/echec-de-la-transaction\/#breadcrumb\"},\"inLanguage\":\"fr-FR\",\"potentialAction\":[{\"@type\":\"ReadAction\",\"target\":[\"https:\/\/bnbeauvive.fr\/index.php\/confirmation-de-reservation\/echec-de-la-transaction\/\"]}]},{\"@type\":\"BreadcrumbList\",\"@id\":\"https:\/\/bnbeauvive.fr\/index.php\/confirmation-de-reservation\/echec-de-la-transaction\/#breadcrumb\",\"itemListElement\":[{\"@type\":\"ListItem\",\"position\":1,\"name\":\"Accueil\",\"item\":\"https:\/\/bnbeauvive.fr\/\"},{\"@type\":\"ListItem\",\"position\":2,\"name\":\"Confirmation de r\u00e9servation\",\"item\":\"https:\/\/bnbeauvive.fr\/index.php\/confirmation-de-reservation\/\"},{\"@type\":\"ListItem\",\"position\":3,\"name\":\"\u00c9chec de la transaction\"}]}]}<\/script>\n<!-- \/ Yoast SEO plugin. -->","yoast_head_json":{"title":"\u00c9chec de la transaction - L&#039;eau vive","robots":{"index":"index","follow":"follow","max-snippet":"max-snippet:-1","max-image-preview":"max-image-preview:large","max-video-preview":"max-video-preview:-1"},"canonical":"https:\/\/bnbeauvive.fr\/index.php\/confirmation-de-reservation\/echec-de-la-transaction\/","og_locale":"fr_FR","og_type":"article","og_title":"\u00c9chec de la transaction - L&#039;eau vive","og_description":"Malheureusement, votre transaction ne peut \u00eatre compl\u00e9t\u00e9e pour le moment. Veuillez r\u00e9essayer ou nous contacter.","og_url":"https:\/\/bnbeauvive.fr\/index.php\/confirmation-de-reservation\/echec-de-la-transaction\/","og_site_name":"L&#039;eau vive","twitter_card":"summary_large_image","schema":{"@context":"https:\/\/schema.org","@graph":[{"@type":"WebSite","@id":"https:\/\/bnbeauvive.fr\/#website","url":"https:\/\/bnbeauvive.fr\/","name":"L&#039;eau vive","description":"Le beau, le bon, le vrai","potentialAction":[{"@type":"SearchAction","target":{"@type":"EntryPoint","urlTemplate":"https:\/\/bnbeauvive.fr\/?s={search_term_string}"},"query-input":"required name=search_term_string"}],"inLanguage":"fr-FR"},{"@type":"WebPage","@id":"https:\/\/bnbeauvive.fr\/index.php\/confirmation-de-reservation\/echec-de-la-transaction\/","url":"https:\/\/bnbeauvive.fr\/index.php\/confirmation-de-reservation\/echec-de-la-transaction\/","name":"\u00c9chec de la transaction - L&#039;eau vive","isPartOf":{"@id":"https:\/\/bnbeauvive.fr\/#website"},"datePublished":"2020-08-23T22:15:44+00:00","dateModified":"2020-08-23T22:15:44+00:00","breadcrumb":{"@id":"https:\/\/bnbeauvive.fr\/index.php\/confirmation-de-reservation\/echec-de-la-transaction\/#breadcrumb"},"inLanguage":"fr-FR","potentialAction":[{"@type":"ReadAction","target":["https:\/\/bnbeauvive.fr\/index.php\/confirmation-de-reservation\/echec-de-la-transaction\/"]}]},{"@type":"BreadcrumbList","@id":"https:\/\/bnbeauvive.fr\/index.php\/confirmation-de-reservation\/echec-de-la-transaction\/#breadcrumb","itemListElement":[{"@type":"ListItem","position":1,"name":"Accueil","item":"https:\/\/bnbeauvive.fr\/"},{"@type":"ListItem","position":2,"name":"Confirmation de r\u00e9servation","item":"https:\/\/bnbeauvive.fr\/index.php\/confirmation-de-reservation\/"},{"@type":"ListItem","position":3,"name":"\u00c9chec de la transaction"}]}]}},"_links":{"self":[{"href":"https:\/\/bnbeauvive.fr\/index.php\/wp-json\/wp\/v2\/pages\/1643"}],"collection":[{"href":"https:\/\/bnbeauvive.fr\/index.php\/wp-json\/wp\/v2\/pages"}],"about":[{"href":"https:\/\/bnbeauvive.fr\/index.php\/wp-json\/wp\/v2\/types\/page"}],"author":[{"embeddable":true,"href":"https:\/\/bnbeauvive.fr\/index.php\/wp-json\/wp\/v2\/users\/1"}],"replies":[{"embeddable":true,"href":"https:\/\/bnbeauvive.fr\/index.php\/wp-json\/wp\/v2\/comments?post=1643"}],"version-history":[{"count":0,"href":"https:\/\/bnbeauvive.fr\/index.php\/wp-json\/wp\/v2\/pages\/1643\/revisions"}],"up":[{"embeddable":true,"href":"https:\/\/bnbeauvive.fr\/index.php\/wp-json\/wp\/v2\/pages\/1639"}],"wp:attachment":[{"href":"https:\/\/bnbeauvive.fr\/index.php\/wp-json\/wp\/v2\/media?parent=1643"}],"curies":[{"name":"wp","href":"https:\/\/api.w.org\/{rel}","templated":true}]}}