{"id":1841,"date":"2020-09-14T04:53:08","date_gmt":"2020-09-14T04:53:08","guid":{"rendered":"https:\/\/bnbeauvive.fr\/?page_id=1841"},"modified":"2020-09-14T04:58:30","modified_gmt":"2020-09-14T04:58:30","slug":"livre-dor","status":"publish","type":"page","link":"https:\/\/bnbeauvive.fr\/index.php\/livre-dor\/","title":{"rendered":"Livre d&rsquo;or"},"content":{"rendered":"<p><div class=\"fusion-fullwidth fullwidth-box fusion-builder-row-1 fusion-flex-container nonhundred-percent-fullwidth non-hundred-percent-height-scrolling\" style=\"--awb-border-radius-top-left:0px;--awb-border-radius-top-right:0px;--awb-border-radius-bottom-right:0px;--awb-border-radius-bottom-left:0px;--awb-flex-wrap:wrap;\" ><div class=\"fusion-builder-row fusion-row fusion-flex-align-items-flex-start fusion-flex-content-wrap\" style=\"max-width:calc( 1170px + 0px );margin-left: calc(-0px \/ 2 );margin-right: calc(-0px \/ 2 );\"><div class=\"fusion-layout-column fusion_builder_column fusion-builder-column-0 fusion_builder_column_1_1 1_1 fusion-flex-column\" style=\"--awb-bg-size:cover;--awb-width-large:100%;--awb-margin-top-large:0px;--awb-spacing-right-large:0px;--awb-margin-bottom-large:0px;--awb-spacing-left-large:0px;--awb-width-medium:100%;--awb-spacing-right-medium:0px;--awb-spacing-left-medium:0px;--awb-width-small:100%;--awb-spacing-right-small:0px;--awb-spacing-left-small:0px;\"><div class=\"fusion-column-wrapper fusion-flex-justify-content-flex-start fusion-content-layout-column\"><div class=\"fusion-title title fusion-title-1 fusion-title-center fusion-title-text fusion-title-size-one\" style=\"--awb-margin-bottom:50px;\"><div class=\"title-sep-container title-sep-container-left\"><div class=\"title-sep sep- sep-solid\" style=\"border-color:#e0dede;\"><\/div><\/div><span class=\"awb-title-spacer\"><\/span><h1 class=\"fusion-title-heading title-heading-center fusion-responsive-typography-calculated\" style=\"margin:0;--fontSize:54;line-height:1.16;\">Le livre d&rsquo;or<\/h1><span class=\"awb-title-spacer\"><\/span><div class=\"title-sep-container title-sep-container-right\"><div class=\"title-sep sep- sep-solid\" style=\"border-color:#e0dede;\"><\/div><\/div><\/div><div class=\"fusion-text fusion-text-1\"><div class=\"gwolle-gb\"><div class=\"gwolle-gb-messages-top-container\"><\/div>\n\t\t\t<div class=\"gwolle-gb-write-button\">\n\t\t\t\t<input type=\"button\" name=\"gwolle-gb-write-button\" class=\"button btn btn-default \" value=\"\u00c9crire un nouveau message\" aria-expanded=\"false\" \/>\n\t\t\t<\/div>\n\t\t\t<form action=\"#\" method=\"POST\" class=\"gwolle-gb-write gwolle-gb-hide gwolle-gb-float gwolle-gb-form-ajax gwolle-gb-ajax gwolle-gb-not-logged-in\">\n\t\t\t\t<h3>\u00c9crivez un nouveau message dans le livre d&#39;or<\/h3>\n\t\t\t\t<button type=\"button\" class=\"gb-notice-dismiss\">x<span class=\"screen-reader-text\">Masquer ce formulaire.<\/span><\/button>\n\t\t\t\n\t\t\t\t<input type=\"hidden\" name=\"gwolle_gb_function\" class=\"gwolle_gb_function\" value=\"add_entry\" \/><input type=\"hidden\" name=\"gwolle_gb_book_id\" class=\"gwolle_gb_book_id\" value=\"1\" \/><div class=\"gwolle_gb_1c7250fa6ae173e556fa7c99452b4797\">\n\t\t\t\t<div class=\"label\"><label for=\"gwolle_gb_1c7250fa6ae173e556fa7c99452b4797-1\" class=\"text-info\">Nom <span class=\"required\">*<\/span><\/label><\/div>\n\t\t\t\t<div class=\"input\"><input class=\"wp-exclude-emoji gwolle_gb_1c7250fa6ae173e556fa7c99452b4797\" value=\"\" type=\"text\" id=\"gwolle_gb_1c7250fa6ae173e556fa7c99452b4797-1\" name=\"gwolle_gb_1c7250fa6ae173e556fa7c99452b4797\" required \/><\/div>\n\t\t\t\t<div class=\"clearBoth\">&nbsp;<\/div>\n\t\t\t<\/div><div class=\"gwolle_gb_1d999bd302669825240f30c7c05331a6\">\n\t\t\t\t\t<div class=\"label\"><label for=\"gwolle_gb_1d999bd302669825240f30c7c05331a6-1\" class=\"text-info\">Ville<\/label><\/div>\n\t\t\t\t\t<div class=\"input\"><input class=\"wp-exclude-emoji gwolle_gb_1d999bd302669825240f30c7c05331a6\" value=\"\" type=\"text\" id=\"gwolle_gb_1d999bd302669825240f30c7c05331a6-1\" name=\"gwolle_gb_1d999bd302669825240f30c7c05331a6\" \/><\/div>\n\t\t\t\t\t<div class=\"clearBoth\">&nbsp;<\/div>\n\t\t\t\t<\/div><div class=\"gwolle_gb_ebcd0c0dd3f7912422d1f5c9104cf808\">\n\t\t\t\t<div class=\"label\"><label for=\"gwolle_gb_ebcd0c0dd3f7912422d1f5c9104cf808-1\" class=\"text-info\">E-mail <span class=\"required\">*<\/span><\/label><\/div>\n\t\t\t\t<div class=\"input\"><input class=\"gwolle_gb_ebcd0c0dd3f7912422d1f5c9104cf808\" value=\"\" type=\"email\" id=\"gwolle_gb_ebcd0c0dd3f7912422d1f5c9104cf808-1\" name=\"gwolle_gb_ebcd0c0dd3f7912422d1f5c9104cf808\" required \/><\/div>\n\t\t\t\t<div class=\"clearBoth\">&nbsp;<\/div>\n\t\t\t<\/div>\n\t\t\t<div class=\"gwolle_gb_8dbc7c996c6c74e6c77c2d8d633d1439\" style=\"display:none;overflow:hidden;\" hidden=\"true\" aria-hidden=\"true\">\n\t\t\t\t<div class=\"label\">\n\t\t\t\t\t<label for=\"gwolle_gb_8dbc7c996c6c74e6c77c2d8d633d1439-1\" class=\"text-primary\">Ne touchez pas \u00e0 ceci<\/label>\n\t\t\t\t\t<label for=\"gwolle_gb_c1958171767398d05eb05680bbae1c22-1\" class=\"text-primary\">Ne touchez pas \u00e0 ceci<\/label>\n\t\t\t\t<\/div>\n\t\t\t\t<div class=\"input\">\n\t\t\t\t\t<input value=\"30\" type=\"text\" id=\"gwolle_gb_8dbc7c996c6c74e6c77c2d8d633d1439-1\" name=\"gwolle_gb_8dbc7c996c6c74e6c77c2d8d633d1439\" class=\"gwolle_gb_8dbc7c996c6c74e6c77c2d8d633d1439\" style=\"transform: translateY(10000px);\" \/>\n\t\t\t\t\t<input value=\"\" type=\"text\" name=\"gwolle_gb_c1958171767398d05eb05680bbae1c22\" id=\"gwolle_gb_c1958171767398d05eb05680bbae1c22-1\" class=\"gwolle_gb_c1958171767398d05eb05680bbae1c22\" style=\"transform: translateY(10000px);\" \/>\n\t\t\t\t<\/div>\n\t\t\t\t<div class=\"clearBoth\"><\/div>\n\t\t\t<\/div>\n\t\t\t<div class=\"gwolle_gb_b637d3a1817bf6a79066dfb9ea708ed9\" style=\"display:none;overflow:hidden;\" hidden=\"true\" aria-hidden=\"true\">\n\t\t\t\t<div class=\"label\">\n\t\t\t\t\t<label for=\"gwolle_gb_b637d3a1817bf6a79066dfb9ea708ed9-1\" class=\"text-primary\">Ne touchez pas \u00e0 ceci<\/label>\n\t\t\t\t\t<label for=\"gwolle_gb_2a54b6f0e2b2b4d577199f2c17861921-1\" class=\"text-primary\">Ne touchez pas \u00e0 ceci<\/label>\n\t\t\t\t<\/div>\n\t\t\t\t<div class=\"input\">\n\t\t\t\t\t<input value=\"92498\" type=\"text\" id=\"gwolle_gb_b637d3a1817bf6a79066dfb9ea708ed9-1\" name=\"gwolle_gb_b637d3a1817bf6a79066dfb9ea708ed9\" class=\"gwolle_gb_b637d3a1817bf6a79066dfb9ea708ed9\" style=\"transform: translateY(10000px);\" \/>\n\t\t\t\t\t<input value=\"92498\" type=\"text\"id=\"gwolle_gb_2a54b6f0e2b2b4d577199f2c17861921-1\" name=\"gwolle_gb_2a54b6f0e2b2b4d577199f2c17861921\" class=\"gwolle_gb_2a54b6f0e2b2b4d577199f2c17861921\" style=\"transform: translateY(10000px);\" \/>\n\t\t\t\t<\/div>\n\t\t\t\t<div class=\"clearBoth\"><\/div>\n\t\t\t<\/div><div class=\"gwolle_gb_content\">\n\t\t\t\t<div class=\"label\"><label for=\"gwolle_gb_content-1\" class=\"text-info\">Message du livre d\u2019or <span class=\"required\">*<\/span><\/label><\/div>\n\t\t\t\t<div class=\"input\"><textarea id=\"gwolle_gb_content-1\" name=\"gwolle_gb_content\" class=\"gwolle_gb_content wp-exclude-emoji\" required ><\/textarea><\/div>\n\t\t\t\t\t<div class=\"clearBoth\">&nbsp;<\/div>\n\t\t\t\t<\/div>\n\t\t\t\t<div class=\"gwolle_gb_privacy gwolle-gb-privacy\">\n\t\t\t\t\t<div class=\"label\"><label for=\"gwolle_gb_privacy-1\" class=\"text-info\">J\u2019accepte  la <a href=\"https:\/\/bnbeauvive.fr\/index.php\/rgpd\/\" title=\"Lire la Politique de confidentialit\u00e9\" target=\"_blank\">politique de confidentialit\u00e9<\/a> <span class=\"required\">*<\/span><\/label><\/div>\n\t\t\t\t\t<div class=\"input\"><input type=\"checkbox\" id=\"gwolle_gb_privacy-1\" name=\"gwolle_gb_privacy\" class=\"gwolle_gb_privacy\" required \/><\/div>\n\t\t\t\t\t<div class=\"clearBoth\">&nbsp;<\/div>\n\t\t\t\t<\/div><input type=\"hidden\" class=\"gwolle_gb_cedfdff3622621afef91657de552d336\" id=\"gwolle_gb_cedfdff3622621afef91657de552d336-1\" name=\"gwolle_gb_cedfdff3622621afef91657de552d336\" value=\"7c41264e6d\" \/>\n\t\t\t<div class=\"gwolle-gb-messages-bottom-container\"><\/div>\n\n\t\t\t<noscript><div class=\"no-js\">Avertissement\u00a0: Ce formulaire ne peut \u00eatre utilis\u00e9 que si JavaScript est activ\u00e9 dans votre navigateur.<\/div><\/noscript>\n\n\t\t\t<div class=\"gwolle_gb_submit gwolle-gb-submit\">\n\t\t\t\t<div class=\"label gwolle-gb-invisible text-muted\">&nbsp;<\/div>\n\t\t\t\t<div class=\"input\">\n\t\t\t\t\t<input type=\"submit\" name=\"gwolle_gb_submit\" class=\"gwolle_gb_submit button btn btn-primary \" value=\"Envoyer\" \/>\n\t\t\t\t\t<span class=\"gwolle_gb_submit_ajax_icon gwolle-gb-submit-ajax-icon\"><\/span>\n\t\t\t\n\t\t\t\t<\/div>\n\t\t\t\t<div class=\"clearBoth\">&nbsp;<\/div>\n\t\t\t<\/div>\n\n\t\t\t<div class=\"gwolle_gb_notice gwolle-gb-notice\">\n\t\t\t\tLes champs marqu\u00e9s avec un * sont obligatoires.<br \/>\r\nVotre adresse e-mail ne sera pas publi\u00e9e.<br \/>\r\nIl se pourrait que votre message n\u2019apparaisse dans le livre d\u2019or qu\u2019apr\u00e8s que nous l\u2019ayons v\u00e9rifi\u00e9.<br \/>\r\nNous nous r\u00e9servons le droit de modifier, de supprimer, ou de ne pas publier les messages.\n\t\t\t<\/div><\/form><div class=\"gwolle-gb-read gwolle-gb-ajax gwolle-gb-entries-list\" data-book_id=\"1\" data-page_id=\"1\">\n\t\t<div id=\"gwolle-gb-total\" class=\"gwolle-gb-total\">2 messages.<\/div><!-- Gwolle-GB Entry: Default Template Loaded -->\n\t\t\t\t<div class=\"gb-entry gb-entry_4 gb-entry-count_1 gwolle-gb-uneven gwolle-gb-first\" id=\"gb-entry_4\" data-entry_id=\"4\">\n\t\t\t\t<article>\n\t\t\t\t\t<div class=\"gb-author-info\">\n\t\t\t\t\t\t<span class=\"gb-author-avatar\"><img referrerpolicy=\"no-referrer\" alt='eric soeur' src='https:\/\/secure.gravatar.com\/avatar\/1614a7bc241ab755b90f7bfdce20ecfe?s=32&#038;d=mm&#038;r=g' srcset='https:\/\/secure.gravatar.com\/avatar\/1614a7bc241ab755b90f7bfdce20ecfe?s=64&#038;d=mm&#038;r=g 2x' class='avatar avatar-32 photo' height='32' width='32' \/><\/span>\n\t\t\t\t\t\t<span class=\"gb-author-name\">eric soeur\n\t\t\t\t\t\t<\/span>\n\t\t\t\t\t\t<span class=\"gb-author-origin\">\n\t\t\t\t\t\t\t<span class=\"gb-author-origin-from-text\"> de<\/span>\n\t\t\t\t\t\t\t<span class=\"gb-author-origin-text\"> bruxelles<\/span>\n\t\t\t\t\t\t<\/span>\n\t\t\t\t\t\t<span class=\"gb-datetime\">\n\t\t\t\t\t\t\t<span class=\"gb-date\"><span class=\"gb-date-wrote-text\"> a \u00e9crit le<\/span><span class=\"gb-date-text\"> septembre 6, 2021<\/span>\n\t\t\t\t\t\t\t<\/span><span class=\"gb-time\">\n\t\t\t\t\t\t\t\t\t<span class=\"gb-time-at-text\"> \u00e0<\/span>\n\t\t\t\t\t\t\t\t\t<span class=\"gb-time-text\"> 10:45<\/span>\n\t\t\t\t\t\t\t\t<\/span>\n\t\t\t\t\t\t<\/span> \n\t\t\t\t\t<\/div>\n\t\t\t\t\t<div class=\"gb-entry-content\">Excellent s\u00e9jour\n \nDisposant de deux magnifiques grandes chambres meubl\u00e9es et d\u00e9cor\u00e9es avec beaucoup de go\u00fbt, cette charmante maison d\u2019h\u00f4tes et bien situ\u00e9e pr\u00e8s de Chambord. La propri\u00e9taire, Catherine,  est aux petits soins et propose une table d\u2019h\u00f4tes qui est un r\u00e9gal. De m\u00eame que son petit d\u00e9jeuner, o\u00f9 chaque matin on d\u00e9couvre une ronde de produits du terroir ou autres. Une exp\u00e9rience culinaire incroyable. Cette maison d\u2019h\u00f4tes vaut tr\u00e8s largement son prix, tant tout est raffin\u00e9 et plaisant. Les explications de la propri\u00e9taire sont de surcro\u00eet extr\u00eamement int\u00e9ressantes.\n\t\t\t\t\t<\/div>\n\t\t\t\t<\/article>\n\t\t\t<\/div>\n\t\t\t<div class=\"gb-entry gb-entry_2 gb-entry-count_2 gwolle-gb-even\" id=\"gb-entry_2\" data-entry_id=\"2\">\n\t\t\t\t<article>\n\t\t\t\t\t<div class=\"gb-author-info\">\n\t\t\t\t\t\t<span class=\"gb-author-avatar\"><img referrerpolicy=\"no-referrer\" alt='Bonnet' src='https:\/\/secure.gravatar.com\/avatar\/624d34b3e3c35fd2013c72112907dc2d?s=32&#038;d=mm&#038;r=g' srcset='https:\/\/secure.gravatar.com\/avatar\/624d34b3e3c35fd2013c72112907dc2d?s=64&#038;d=mm&#038;r=g 2x' class='avatar avatar-32 photo' height='32' width='32' \/><\/span>\n\t\t\t\t\t\t<span class=\"gb-author-name\">Bonnet\n\t\t\t\t\t\t<\/span>\n\t\t\t\t\t\t<span class=\"gb-author-origin\">\n\t\t\t\t\t\t\t<span class=\"gb-author-origin-from-text\"> de<\/span>\n\t\t\t\t\t\t\t<span class=\"gb-author-origin-text\"> Gracay<\/span>\n\t\t\t\t\t\t<\/span>\n\t\t\t\t\t\t<span class=\"gb-datetime\">\n\t\t\t\t\t\t\t<span class=\"gb-date\"><span class=\"gb-date-wrote-text\"> a \u00e9crit le<\/span><span class=\"gb-date-text\"> septembre 18, 2020<\/span>\n\t\t\t\t\t\t\t<\/span><span class=\"gb-time\">\n\t\t\t\t\t\t\t\t\t<span class=\"gb-time-at-text\"> \u00e0<\/span>\n\t\t\t\t\t\t\t\t\t<span class=\"gb-time-text\"> 6:44<\/span>\n\t\t\t\t\t\t\t\t<\/span>\n\t\t\t\t\t\t<\/span> \n\t\t\t\t\t<\/div>\n\t\t\t\t\t<div class=\"gb-entry-content\">Tr\u00e8s belles d\u00e9couvertes, chambre d&#039;h\u00f4te tr\u00e8s bien situ\u00e9e, proche  des pistes cyclables, h\u00f4tesse tr\u00e8s attentionn\u00e9e, bonne cuisini\u00e8re bon guide touristique qui nous a fait d\u00e9couvrir le massage sonore qui est une exp\u00e9rience surprenante \u00e0 ne pas manquer. Chambre au calme avec vu sur le clocher de l&#039;\u00e9glise et sur les \u00e9toiles , tr\u00e8s propre spacieuse et tr\u00e8s bonne literie, pour conclure une adresse \u00e0 retenir\n\t\t\t\t\t<\/div>\n\t\t\t\t<\/article>\n\t\t\t<\/div>\n\t\t\t<\/div><\/div>\n<\/div><\/div><\/div><\/div><\/div><div class=\"fusion-fullwidth fullwidth-box fusion-builder-row-2 fusion-flex-container nonhundred-percent-fullwidth non-hundred-percent-height-scrolling\" style=\"--awb-border-radius-top-left:0px;--awb-border-radius-top-right:0px;--awb-border-radius-bottom-right:0px;--awb-border-radius-bottom-left:0px;--awb-flex-wrap:wrap;\" ><div class=\"fusion-builder-row fusion-row fusion-flex-align-items-flex-start fusion-flex-content-wrap\" style=\"max-width:1216.8px;margin-left: calc(-4% \/ 2 );margin-right: calc(-4% \/ 2 );\"><div class=\"fusion-layout-column fusion_builder_column fusion-builder-column-1 fusion_builder_column_1_1 1_1 fusion-flex-column\" style=\"--awb-bg-size:cover;--awb-width-large:100%;--awb-margin-top-large:0px;--awb-spacing-right-large:1.92%;--awb-margin-bottom-large:40px;--awb-spacing-left-large:1.92%;--awb-width-medium:100%;--awb-order-medium:0;--awb-spacing-right-medium:1.92%;--awb-spacing-left-medium:1.92%;--awb-width-small:100%;--awb-order-small:0;--awb-spacing-right-small:1.92%;--awb-spacing-left-small:1.92%;\"><div class=\"fusion-column-wrapper fusion-column-has-shadow fusion-flex-justify-content-flex-start fusion-content-layout-column\"><\/div><\/div><\/div><\/div><\/p>\n","protected":false},"excerpt":{"rendered":"","protected":false},"author":1,"featured_media":0,"parent":0,"menu_order":0,"comment_status":"closed","ping_status":"closed","template":"100-width.php","meta":[],"yoast_head":"<!-- This site is optimized with the Yoast SEO plugin v19.4 - https:\/\/yoast.com\/wordpress\/plugins\/seo\/ -->\n<title>Livre d&#039;or - L&#039;eau vive<\/title>\n<meta name=\"robots\" content=\"index, follow, max-snippet:-1, max-image-preview:large, max-video-preview:-1\" \/>\n<link rel=\"canonical\" href=\"https:\/\/bnbeauvive.fr\/index.php\/livre-dor\/\" \/>\n<meta property=\"og:locale\" content=\"fr_FR\" \/>\n<meta property=\"og:type\" content=\"article\" \/>\n<meta property=\"og:title\" content=\"Livre d&#039;or - L&#039;eau vive\" \/>\n<meta property=\"og:url\" content=\"https:\/\/bnbeauvive.fr\/index.php\/livre-dor\/\" \/>\n<meta property=\"og:site_name\" content=\"L&#039;eau vive\" \/>\n<meta property=\"article:modified_time\" content=\"2020-09-14T04:58:30+00:00\" \/>\n<meta name=\"twitter:card\" content=\"summary_large_image\" \/>\n<meta name=\"twitter:label1\" content=\"Dur\u00e9e de lecture estim\u00e9e\" \/>\n\t<meta name=\"twitter:data1\" content=\"3 minutes\" \/>\n<script type=\"application\/ld+json\" class=\"yoast-schema-graph\">{\"@context\":\"https:\/\/schema.org\",\"@graph\":[{\"@type\":\"WebSite\",\"@id\":\"https:\/\/bnbeauvive.fr\/#website\",\"url\":\"https:\/\/bnbeauvive.fr\/\",\"name\":\"L&#039;eau vive\",\"description\":\"Le beau, le bon, le vrai\",\"potentialAction\":[{\"@type\":\"SearchAction\",\"target\":{\"@type\":\"EntryPoint\",\"urlTemplate\":\"https:\/\/bnbeauvive.fr\/?s={search_term_string}\"},\"query-input\":\"required name=search_term_string\"}],\"inLanguage\":\"fr-FR\"},{\"@type\":\"WebPage\",\"@id\":\"https:\/\/bnbeauvive.fr\/index.php\/livre-dor\/\",\"url\":\"https:\/\/bnbeauvive.fr\/index.php\/livre-dor\/\",\"name\":\"Livre d'or - L&#039;eau vive\",\"isPartOf\":{\"@id\":\"https:\/\/bnbeauvive.fr\/#website\"},\"datePublished\":\"2020-09-14T04:53:08+00:00\",\"dateModified\":\"2020-09-14T04:58:30+00:00\",\"breadcrumb\":{\"@id\":\"https:\/\/bnbeauvive.fr\/index.php\/livre-dor\/#breadcrumb\"},\"inLanguage\":\"fr-FR\",\"potentialAction\":[{\"@type\":\"ReadAction\",\"target\":[\"https:\/\/bnbeauvive.fr\/index.php\/livre-dor\/\"]}]},{\"@type\":\"BreadcrumbList\",\"@id\":\"https:\/\/bnbeauvive.fr\/index.php\/livre-dor\/#breadcrumb\",\"itemListElement\":[{\"@type\":\"ListItem\",\"position\":1,\"name\":\"Accueil\",\"item\":\"https:\/\/bnbeauvive.fr\/\"},{\"@type\":\"ListItem\",\"position\":2,\"name\":\"Livre d&rsquo;or\"}]}]}<\/script>\n<!-- \/ Yoast SEO plugin. -->","yoast_head_json":{"title":"Livre d'or - L&#039;eau vive","robots":{"index":"index","follow":"follow","max-snippet":"max-snippet:-1","max-image-preview":"max-image-preview:large","max-video-preview":"max-video-preview:-1"},"canonical":"https:\/\/bnbeauvive.fr\/index.php\/livre-dor\/","og_locale":"fr_FR","og_type":"article","og_title":"Livre d'or - L&#039;eau vive","og_url":"https:\/\/bnbeauvive.fr\/index.php\/livre-dor\/","og_site_name":"L&#039;eau vive","article_modified_time":"2020-09-14T04:58:30+00:00","twitter_card":"summary_large_image","twitter_misc":{"Dur\u00e9e de lecture estim\u00e9e":"3 minutes"},"schema":{"@context":"https:\/\/schema.org","@graph":[{"@type":"WebSite","@id":"https:\/\/bnbeauvive.fr\/#website","url":"https:\/\/bnbeauvive.fr\/","name":"L&#039;eau vive","description":"Le beau, le bon, le vrai","potentialAction":[{"@type":"SearchAction","target":{"@type":"EntryPoint","urlTemplate":"https:\/\/bnbeauvive.fr\/?s={search_term_string}"},"query-input":"required name=search_term_string"}],"inLanguage":"fr-FR"},{"@type":"WebPage","@id":"https:\/\/bnbeauvive.fr\/index.php\/livre-dor\/","url":"https:\/\/bnbeauvive.fr\/index.php\/livre-dor\/","name":"Livre d'or - L&#039;eau vive","isPartOf":{"@id":"https:\/\/bnbeauvive.fr\/#website"},"datePublished":"2020-09-14T04:53:08+00:00","dateModified":"2020-09-14T04:58:30+00:00","breadcrumb":{"@id":"https:\/\/bnbeauvive.fr\/index.php\/livre-dor\/#breadcrumb"},"inLanguage":"fr-FR","potentialAction":[{"@type":"ReadAction","target":["https:\/\/bnbeauvive.fr\/index.php\/livre-dor\/"]}]},{"@type":"BreadcrumbList","@id":"https:\/\/bnbeauvive.fr\/index.php\/livre-dor\/#breadcrumb","itemListElement":[{"@type":"ListItem","position":1,"name":"Accueil","item":"https:\/\/bnbeauvive.fr\/"},{"@type":"ListItem","position":2,"name":"Livre d&rsquo;or"}]}]}},"_links":{"self":[{"href":"https:\/\/bnbeauvive.fr\/index.php\/wp-json\/wp\/v2\/pages\/1841"}],"collection":[{"href":"https:\/\/bnbeauvive.fr\/index.php\/wp-json\/wp\/v2\/pages"}],"about":[{"href":"https:\/\/bnbeauvive.fr\/index.php\/wp-json\/wp\/v2\/types\/page"}],"author":[{"embeddable":true,"href":"https:\/\/bnbeauvive.fr\/index.php\/wp-json\/wp\/v2\/users\/1"}],"replies":[{"embeddable":true,"href":"https:\/\/bnbeauvive.fr\/index.php\/wp-json\/wp\/v2\/comments?post=1841"}],"version-history":[{"count":4,"href":"https:\/\/bnbeauvive.fr\/index.php\/wp-json\/wp\/v2\/pages\/1841\/revisions"}],"predecessor-version":[{"id":1845,"href":"https:\/\/bnbeauvive.fr\/index.php\/wp-json\/wp\/v2\/pages\/1841\/revisions\/1845"}],"wp:attachment":[{"href":"https:\/\/bnbeauvive.fr\/index.php\/wp-json\/wp\/v2\/media?parent=1841"}],"curies":[{"name":"wp","href":"https:\/\/api.w.org\/{rel}","templated":true}]}}